{"id":212,"date":"2016-06-28T19:04:27","date_gmt":"2016-06-28T18:04:27","guid":{"rendered":"http:\/\/donemiliaga.eus\/?page_id=212"},"modified":"2017-01-25T11:48:11","modified_gmt":"2017-01-25T10:48:11","slug":"pribatasun-politika","status":"publish","type":"page","link":"https:\/\/donemiliaga.eus\/eu\/pribatasun-politika\/","title":{"rendered":"Pribatasun politika"},"content":{"rendered":"<p>[et_pb_section admin_label=&#8221;section&#8221;][et_pb_row admin_label=&#8221;row&#8221;][et_pb_column type=&#8221;4_4&#8243;][et_pb_text admin_label=&#8221;Text&#8221; background_layout=&#8221;light&#8221; text_orientation=&#8221;left&#8221; use_border_color=&#8221;off&#8221; border_color=&#8221;#ffffff&#8221; border_style=&#8221;solid&#8221;]<\/p>\n<div id=\"content-head\" class=\"row-fluid content-head\">\n<h2 id=\"page-title\" class=\"title\" style=\"text-align: justify;\"><span style=\"color: #000000;\">AYUNTAMIENTO DE SAN MILL\u00c1N &#8211; POL\u00cdTICA DE PRIVACIDAD<\/span><\/h2>\n<\/div>\n<div id=\"content-body\" class=\"row-fluid content-body\">\n<div class=\"region region-content clearfix\">\n<div class=\"view view-aviso-legal view-id-aviso_legal view-display-id-page_1 view-dom-id-e89a420c8c344f541f3f746149eef7fd\">\n<div class=\"view-content\">\n<div class=\"views-row views-row-1 views-row-odd views-row-first views-row-last\">\n<div class=\"views-field views-field-body\">\n<div class=\"field-content articulo\">\n<p class=\"rtejustify\" style=\"text-align: justify;\"><span style=\"color: #000000;\">Para la seguridad y tranquilidad de todas las personas que visiten nuestro portal web y utilicen nuestros servicios, el Ayuntamiento de San Mill\u00e1n asume las obligaciones legales en materia de protecci\u00f3n de datos de car\u00e1cter personal, especialmente en lo referido a:<\/span><\/p>\n<ul style=\"text-align: justify;\">\n<li class=\"rtejustify\"><span style=\"color: #000000;\">La existencia de ficheros o tratamientos con datos de car\u00e1cter personal.<\/span><\/li>\n<li class=\"rtejustify\"><span style=\"color: #000000;\">La finalidad de la recogida de datos.<\/span><\/li>\n<li class=\"rtejustify\"><span style=\"color: #000000;\">Las personas destinatarias de la informaci\u00f3n.<\/span><\/li>\n<li class=\"rtejustify\"><span style=\"color: #000000;\">El car\u00e1cter facultativo u obligatorio de las preguntas que hagamos.<\/span><\/li>\n<li class=\"rtejustify\"><span style=\"color: #000000;\">Las consecuencias de la obtenci\u00f3n de los datos o de la negativa a suministrarlos.<\/span><\/li>\n<li class=\"rtejustify\"><span style=\"color: #000000;\">La posibilidad de ejercitar los derechos de acceso, rectificaci\u00f3n, cancelaci\u00f3n y oposici\u00f3n.<\/span><\/li>\n<li class=\"rtejustify\"><span style=\"color: #000000;\">La identidad y direcci\u00f3n de la persona responsable del tratamiento o, en su caso, de su representante.<\/span><\/li>\n<\/ul>\n<p class=\"rtejustify\" style=\"text-align: justify;\"><span style=\"color: #000000;\">Es deseo del Ayuntamiento de San Mill\u00e1n que la persona usuaria de nuestro portal web cuente con la informaci\u00f3n adecuada para decidir de forma expresa, libre y voluntaria si desea facilitar sus datos en la forma que se requiere. En este sentido se informa a la persona usuaria que sus datos ser\u00e1n incorporados a alg\u00fan fichero automatizado, cuyo responsable es el Ayuntamiento de San Mill\u00e1n.<\/span><\/p>\n<p class=\"rtejustify\" style=\"text-align: justify;\"><span style=\"color: #000000;\">Salvo que se se\u00f1ale lo contrario en cada caso, los datos que se recogen en los formularios son necesarios y obligatorios para poder acceder y prestar los servicios establecidos en la web. La persona usuaria debe rellenar los formularios con datos verdaderos, exactos y completos, respondiendo de los da\u00f1os y perjuicios que pueda ocasionar en caso de cumplimentaci\u00f3n defectuosa, con datos falsos, inexactos, incompletos o no actualizados.<\/span><\/p>\n<p class=\"rtejustify\" style=\"text-align: justify;\"><span style=\"color: #000000;\">El Ayuntamiento de San Mill\u00e1n tiene el compromiso de adoptar los niveles de seguridad de protecci\u00f3n de datos personales exigidos en la legislaci\u00f3n vigente, instalando al efecto las medidas t\u00e9cnicas y organizativas necesarias para evitar la p\u00e9rdida, mal uso, alteraci\u00f3n, acceso no autorizado y dem\u00e1s riesgos posibles. El Ayuntamiento de San Mill\u00e1n se obliga asimismo a cumplir con la obligaci\u00f3n de secreto respecto de los datos contenidos en los ficheros automatizados establecidos en la legislaci\u00f3n vigente.<\/span><\/p>\n<p class=\"rtejustify\" style=\"text-align: justify;\"><span style=\"color: #000000;\">La persona usuaria o persona que lo represente podr\u00e1 ejercitar en cualquier momento el derecho de acceso, rectificaci\u00f3n, cancelaci\u00f3n, y, en su caso, oposici\u00f3n, de acuerdo a lo establecido en la Ley Org\u00e1nica 15\/1999, de 13 de diciembre, de Protecci\u00f3n de Datos de car\u00e1cter personal, y dem\u00e1s normativas aplicables al efecto, dirigiendo una comunicaci\u00f3n escrita en la Oficina de atenci\u00f3n ciudadana\u00a0adjuntando copia del documento que acredite su identidad.<\/span><\/p>\n<p class=\"rtejustify\" style=\"text-align: justify;\"><span style=\"color: #000000;\">Nuestra preocupaci\u00f3n prioritaria es la seguridad del almacenamiento de los datos personalmente identificadores de la persona usuaria. Ponemos un gran cuidado al transmitir los datos desde el ordenador de la persona usuaria a nuestros servidores.<\/span><\/p>\n<p class=\"rtejustify\" style=\"text-align: justify;\"><span style=\"color: #000000;\">S\u00f3lo aqu\u00e9l de nuestro personal que necesita acceder a los datos de las personas usuarias para realizar su trabajo tiene acceso a los mismos. Cualquier empleado\/a que viole nuestras pol\u00edticas de protecci\u00f3n de datos o de seguridad estar\u00e1 sujeto a acciones disciplinarias.<\/span><\/p>\n<p class=\"rtejustify\" style=\"text-align: justify;\"><span style=\"color: #000000;\"><strong>Aceptaci\u00f3n de las presentes condiciones<\/strong><\/span><\/p>\n<p class=\"rtejustify\" style=\"text-align: justify;\"><span style=\"color: #000000;\">Al utilizar esta web, asumimos que la persona usuaria ha le\u00eddo este documento cuidadosamente y que ha entendido y seguido sus consejos. En caso de que la persona usuaria no est\u00e9 de acuerdo con esta pol\u00edtica de protecci\u00f3n de datos o con los consejos que a trav\u00e9s de la misma se dan, por favor, no utilice nuestra web. Nos reservamos el derecho a modificar la presente condici\u00f3n de uso cuando consideremos que es necesario. La continuidad por la persona usuaria en el uso de esta y de otras web del Ayuntamiento de San Mill\u00e1n, despu\u00e9s de haber introducido dichos cambios, implicar\u00e1 la total aceptaci\u00f3n de los mismos.<\/span><\/p>\n<\/div>\n<\/div>\n<\/div>\n<\/div>\n<\/div>\n<\/div>\n<\/div>\n<p>[\/et_pb_text][\/et_pb_column][\/et_pb_row][\/et_pb_section]<\/p>\n","protected":false},"excerpt":{"rendered":"<p>Para la seguridad y tranquilidad de todas las personas que visiten nuestro portal web y utilicen nuestros servicios, el Ayuntamiento de San Mill\u00e1n asume las obligaciones legales en materia de protecci\u00f3n de datos de car\u00e1cter personal&#8230;<\/p>\n","protected":false},"author":2,"featured_media":0,"parent":0,"menu_order":0,"comment_status":"closed","ping_status":"closed","template":"","meta":{"_et_pb_use_builder":"on","_et_pb_old_content":"","_et_gb_content_width":"","_monsterinsights_skip_tracking":false,"_monsterinsights_sitenote_active":false,"_monsterinsights_sitenote_note":"","_monsterinsights_sitenote_category":0,"footnotes":""},"class_list":["post-212","page","type-page","status-publish","hentry"],"yoast_head":"<!-- This site is optimized with the Yoast SEO plugin v27.6 - https:\/\/yoast.com\/product\/yoast-seo-wordpress\/ -->\n<title>Pribatasun politika - Donemiliagako Udala<\/title>\n<meta name=\"description\" content=\"Para la seguridad y tranquilidad de todas las personas que visiten nuestro portal web y utilicen nuestros servicios, el Ayuntamiento de San Mill\u00e1n asume ...\" \/>\n<meta name=\"robots\" content=\"index, follow, max-snippet:-1, max-image-preview:large, max-video-preview:-1\" \/>\n<link rel=\"canonical\" href=\"https:\/\/donemiliaga.eus\/eu\/pribatasun-politika\/\" \/>\n<meta property=\"og:locale\" content=\"en_US\" \/>\n<meta property=\"og:type\" content=\"article\" \/>\n<meta property=\"og:title\" content=\"Pribatasun politika - Donemiliagako Udala\" \/>\n<meta property=\"og:description\" content=\"Para la seguridad y tranquilidad de todas las personas que visiten nuestro portal web y utilicen nuestros servicios, el Ayuntamiento de San Mill\u00e1n asume ...\" \/>\n<meta property=\"og:url\" content=\"https:\/\/donemiliaga.eus\/eu\/pribatasun-politika\/\" \/>\n<meta property=\"og:site_name\" content=\"Donemiliagako Udala\" \/>\n<meta property=\"article:modified_time\" content=\"2017-01-25T10:48:11+00:00\" \/>\n<meta name=\"twitter:card\" content=\"summary_large_image\" \/>\n<meta name=\"twitter:label1\" content=\"Est. reading time\" \/>\n\t<meta name=\"twitter:data1\" content=\"3 minutua\" \/>\n<script type=\"application\/ld+json\" class=\"yoast-schema-graph\">{\"@context\":\"https:\\\/\\\/schema.org\",\"@graph\":[{\"@type\":\"WebPage\",\"@id\":\"https:\\\/\\\/donemiliaga.eus\\\/eu\\\/pribatasun-politika\\\/\",\"url\":\"https:\\\/\\\/donemiliaga.eus\\\/eu\\\/pribatasun-politika\\\/\",\"name\":\"Pribatasun politika - Donemiliagako Udala\",\"isPartOf\":{\"@id\":\"https:\\\/\\\/donemiliaga.eus\\\/eu\\\/#website\"},\"datePublished\":\"2016-06-28T18:04:27+00:00\",\"dateModified\":\"2017-01-25T10:48:11+00:00\",\"description\":\"Para la seguridad y tranquilidad de todas las personas que visiten nuestro portal web y utilicen nuestros servicios, el Ayuntamiento de San Mill\u00e1n asume ...\",\"breadcrumb\":{\"@id\":\"https:\\\/\\\/donemiliaga.eus\\\/eu\\\/pribatasun-politika\\\/#breadcrumb\"},\"inLanguage\":\"eu\",\"potentialAction\":[{\"@type\":\"ReadAction\",\"target\":[\"https:\\\/\\\/donemiliaga.eus\\\/eu\\\/pribatasun-politika\\\/\"]}]},{\"@type\":\"BreadcrumbList\",\"@id\":\"https:\\\/\\\/donemiliaga.eus\\\/eu\\\/pribatasun-politika\\\/#breadcrumb\",\"itemListElement\":[{\"@type\":\"ListItem\",\"position\":1,\"name\":\"Hasiera orria\",\"item\":\"https:\\\/\\\/donemiliaga.eus\\\/eu\\\/\"},{\"@type\":\"ListItem\",\"position\":2,\"name\":\"Pribatasun politika\"}]},{\"@type\":\"WebSite\",\"@id\":\"https:\\\/\\\/donemiliaga.eus\\\/eu\\\/#website\",\"url\":\"https:\\\/\\\/donemiliaga.eus\\\/eu\\\/\",\"name\":\"Donemiliagako Udala\",\"description\":\"Ayuntamiento de San Mill\u00e1n - Donemiliaga\",\"potentialAction\":[{\"@type\":\"SearchAction\",\"target\":{\"@type\":\"EntryPoint\",\"urlTemplate\":\"https:\\\/\\\/donemiliaga.eus\\\/eu\\\/?s={search_term_string}\"},\"query-input\":{\"@type\":\"PropertyValueSpecification\",\"valueRequired\":true,\"valueName\":\"search_term_string\"}}],\"inLanguage\":\"eu\"}]}<\/script>\n<!-- \/ Yoast SEO plugin. -->","yoast_head_json":{"title":"Pribatasun politika - Donemiliagako Udala","description":"Para la seguridad y tranquilidad de todas las personas que visiten nuestro portal web y utilicen nuestros servicios, el Ayuntamiento de San Mill\u00e1n asume ...","robots":{"index":"index","follow":"follow","max-snippet":"max-snippet:-1","max-image-preview":"max-image-preview:large","max-video-preview":"max-video-preview:-1"},"canonical":"https:\/\/donemiliaga.eus\/eu\/pribatasun-politika\/","og_locale":"en_US","og_type":"article","og_title":"Pribatasun politika - Donemiliagako Udala","og_description":"Para la seguridad y tranquilidad de todas las personas que visiten nuestro portal web y utilicen nuestros servicios, el Ayuntamiento de San Mill\u00e1n asume ...","og_url":"https:\/\/donemiliaga.eus\/eu\/pribatasun-politika\/","og_site_name":"Donemiliagako Udala","article_modified_time":"2017-01-25T10:48:11+00:00","twitter_card":"summary_large_image","twitter_misc":{"Est. reading time":"3 minutua"},"schema":{"@context":"https:\/\/schema.org","@graph":[{"@type":"WebPage","@id":"https:\/\/donemiliaga.eus\/eu\/pribatasun-politika\/","url":"https:\/\/donemiliaga.eus\/eu\/pribatasun-politika\/","name":"Pribatasun politika - Donemiliagako Udala","isPartOf":{"@id":"https:\/\/donemiliaga.eus\/eu\/#website"},"datePublished":"2016-06-28T18:04:27+00:00","dateModified":"2017-01-25T10:48:11+00:00","description":"Para la seguridad y tranquilidad de todas las personas que visiten nuestro portal web y utilicen nuestros servicios, el Ayuntamiento de San Mill\u00e1n asume ...","breadcrumb":{"@id":"https:\/\/donemiliaga.eus\/eu\/pribatasun-politika\/#breadcrumb"},"inLanguage":"eu","potentialAction":[{"@type":"ReadAction","target":["https:\/\/donemiliaga.eus\/eu\/pribatasun-politika\/"]}]},{"@type":"BreadcrumbList","@id":"https:\/\/donemiliaga.eus\/eu\/pribatasun-politika\/#breadcrumb","itemListElement":[{"@type":"ListItem","position":1,"name":"Hasiera orria","item":"https:\/\/donemiliaga.eus\/eu\/"},{"@type":"ListItem","position":2,"name":"Pribatasun politika"}]},{"@type":"WebSite","@id":"https:\/\/donemiliaga.eus\/eu\/#website","url":"https:\/\/donemiliaga.eus\/eu\/","name":"Donemiliagako Udala","description":"Ayuntamiento de San Mill\u00e1n - Donemiliaga","potentialAction":[{"@type":"SearchAction","target":{"@type":"EntryPoint","urlTemplate":"https:\/\/donemiliaga.eus\/eu\/?s={search_term_string}"},"query-input":{"@type":"PropertyValueSpecification","valueRequired":true,"valueName":"search_term_string"}}],"inLanguage":"eu"}]}},"_links":{"self":[{"href":"https:\/\/donemiliaga.eus\/eu\/wp-json\/wp\/v2\/pages\/212","targetHints":{"allow":["GET"]}}],"collection":[{"href":"https:\/\/donemiliaga.eus\/eu\/wp-json\/wp\/v2\/pages"}],"about":[{"href":"https:\/\/donemiliaga.eus\/eu\/wp-json\/wp\/v2\/types\/page"}],"author":[{"embeddable":true,"href":"https:\/\/donemiliaga.eus\/eu\/wp-json\/wp\/v2\/users\/2"}],"replies":[{"embeddable":true,"href":"https:\/\/donemiliaga.eus\/eu\/wp-json\/wp\/v2\/comments?post=212"}],"version-history":[{"count":0,"href":"https:\/\/donemiliaga.eus\/eu\/wp-json\/wp\/v2\/pages\/212\/revisions"}],"wp:attachment":[{"href":"https:\/\/donemiliaga.eus\/eu\/wp-json\/wp\/v2\/media?parent=212"}],"curies":[{"name":"wp","href":"https:\/\/api.w.org\/{rel}","templated":true}]}}