{"id":214,"date":"2016-06-28T19:13:05","date_gmt":"2016-06-28T18:13:05","guid":{"rendered":"http:\/\/donemiliaga.eus\/?page_id=214"},"modified":"2017-01-25T11:47:29","modified_gmt":"2017-01-25T10:47:29","slug":"cookie-en-politika","status":"publish","type":"page","link":"https:\/\/donemiliaga.eus\/eu\/cookie-en-politika\/","title":{"rendered":"Cookie-en politika"},"content":{"rendered":"<p>[et_pb_section admin_label=&#8221;section&#8221;][et_pb_row admin_label=&#8221;row&#8221;][et_pb_column type=&#8221;4_4&#8243;][et_pb_text admin_label=&#8221;Text&#8221; background_layout=&#8221;light&#8221; text_orientation=&#8221;left&#8221; use_border_color=&#8221;off&#8221; border_color=&#8221;#ffffff&#8221; border_style=&#8221;solid&#8221;]<\/p>\n<h2 style=\"text-align: justify;\"><span id=\"pol\" style=\"color: #000000;\">Pol\u00edtica de cookies<\/span><\/h2>\n<p style=\"text-align: justify;\"><span style=\"color: #000000;\">En conformidad con el Real Decreto-ley 13\/2012, de 30 de marzo, que estipula el nivel de detalle en la informaci\u00f3n que se debe proporcionar sobre las cookies, en esta p\u00e1gina se informa sobre la pol\u00edtica de cookies que el Ayuntamiento de Donemiliaga\u00a0utiliza en su espacio web.<\/span><\/p>\n<p style=\"text-align: justify;\"><span style=\"color: #000000;\">Una cookie es un fichero que se descarga en los ordenadores al acceder a determinadas p\u00e1ginas web. Las cookies permiten a una p\u00e1gina web, entre otras cosas, almacenar y recuperar informaci\u00f3n sobre los h\u00e1bitos de navegaci\u00f3n de una persona usuaria o de su equipo. Dependiendo de la informaci\u00f3n que contengan las cookies y de la forma en que se utilice el equipo, pueden utilizarse para reconocer a la persona usuaria.<\/span><\/p>\n<h4 style=\"text-align: justify;\"><span style=\"color: #000000;\">Cookies que utiliza esta p\u00e1gina web<\/span><\/h4>\n<p style=\"text-align: justify;\"><span style=\"color: #000000;\">Las cookies utilizadas en nuestro sitio web, son propias y de terceros. Como cookie de terceros el Ayuntamiento de Donemiliaga\u00a0usa cookies de an\u00e1lisis de Google Analytics y no utiliza cookies publicitarias o de publicidad comportamental.<\/span><\/p>\n<p style=\"text-align: justify;\"><span style=\"color: #000000;\">Las <strong>cookies de an\u00e1lisis<\/strong> son aqu\u00e9llas que permiten cuantificar el n\u00famero de usuarios y as\u00ed realizar la medici\u00f3n y an\u00e1lisis estad\u00edstico del uso de las personas usuarias del servicio web. Para ello se analiza la navegaci\u00f3n en la p\u00e1gina web municipal con el fin de mejorar la oferta de servicios que se ofrecen.<\/span><\/p>\n<p style=\"text-align: justify;\"><span style=\"color: #000000;\">Las <strong>cookies propias<\/strong> son aqu\u00e9llas que se env\u00edan al equipo de la persona usuaria desde un equipo o dominio gestionado por el propio Ayuntamiento y desde el cual se presta el servicio solicitado por la persona usuaria. Estas cookies quedan excluidas del \u00e1mbito de aplicaci\u00f3n del art\u00edculo 22.2 de la LSSI, y por lo tanto, no ser\u00eda necesario informar ni obtener el consentimiento sobre su uso.<\/span><\/p>\n<h4 style=\"text-align: justify;\"><span id=\"des\" style=\"color: #000000;\">Informaci\u00f3n para desactivar o eliminar las cookies<\/span><\/h4>\n<p style=\"text-align: justify;\"><span style=\"color: #000000;\">Puede usted permitir, bloquear o eliminar las cookies instaladas en su equipo mediante la configuraci\u00f3n de las opciones del navegador instalado en su ordenador.<\/span><\/p>\n<ul style=\"text-align: justify;\">\n<li><span style=\"color: #000000;\">Informaci\u00f3n sobre cookies en <a style=\"color: #000000;\" title=\"(Se abre en una ventana nueva)\" href=\"http:\/\/windows.microsoft.com\/es-es\/internet-explorer\/delete-manage-cookies#ie=ie-9\" target=\"_blank\">Internet Explorer<\/a><\/span><\/li>\n<li><span style=\"color: #000000;\">Informaci\u00f3n sobre cookies en <a style=\"color: #000000;\" title=\"(Se abre en una ventana nueva)\u00a0(1)\" href=\"https:\/\/support.google.com\/chrome\/answer\/95647?hl=es\" target=\"_blank\">Google Chrome<\/a><\/span><\/li>\n<li><span style=\"color: #000000;\">Informaci\u00f3n sobre cookies en <a style=\"color: #000000;\" title=\"(Se abre en una ventana nueva)\u00a0(2)\" href=\"http:\/\/support.mozilla.org\/es\/kb\/habilitar-y-deshabilitar-cookies-que-los-sitios-we\" target=\"_blank\">Mozilla Firefox<\/a><\/span><\/li>\n<li><span style=\"color: #000000;\">Informaci\u00f3n sobre cookies en <a style=\"color: #000000;\" title=\"(Se abre en una ventana nueva)\u00a0(3)\" href=\"http:\/\/www.apple.com\/es\/privacy\/use-of-cookies\/\" target=\"_blank\">Safari<\/a><\/span><\/li>\n<\/ul>\n<p style=\"text-align: justify;\"><span style=\"color: #000000;\">La persona usuaria podr\u00e1 impedir la cookie de an\u00e1lisis de este espacio web mediante los sistemas de exclusi\u00f3n facilitados por <a style=\"color: #000000;\" title=\"(Se abre en una ventana nueva)\u00a0(4)\" href=\"http:\/\/tools.google.com\/dlpage\/gaoptout\" target=\"_blank\">Google Analytics<\/a>.<\/span><\/p>\n<p>[\/et_pb_text][\/et_pb_column][\/et_pb_row][\/et_pb_section]<\/p>\n","protected":false},"excerpt":{"rendered":"<p>En conformidad con el Real Decreto-ley 13\/2012, de 30 de marzo, que estipula el nivel de detalle en la informaci\u00f3n que se debe proporcionar sobre las cookies, en esta p\u00e1gina se informa sobre la pol\u00edtica de cookies que el Ayuntamiento de Donemiliaga utiliza en su espacio web.<\/p>\n","protected":false},"author":2,"featured_media":0,"parent":0,"menu_order":0,"comment_status":"closed","ping_status":"closed","template":"","meta":{"_et_pb_use_builder":"on","_et_pb_old_content":"","_et_gb_content_width":"","_monsterinsights_skip_tracking":false,"_monsterinsights_sitenote_active":false,"_monsterinsights_sitenote_note":"","_monsterinsights_sitenote_category":0,"footnotes":""},"class_list":["post-214","page","type-page","status-publish","hentry"],"yoast_head":"<!-- This site is optimized with the Yoast SEO plugin v27.4 - https:\/\/yoast.com\/product\/yoast-seo-wordpress\/ -->\n<title>Cookie-en politika - Donemiliagako Udala<\/title>\n<meta name=\"description\" content=\"En conformidad con el Real Decreto-ley 13\/2012, de 30 de marzo, que estipula el nivel de detalle en la informaci\u00f3n que se debe proporcionar sobre las ...\" \/>\n<meta name=\"robots\" content=\"index, follow, max-snippet:-1, max-image-preview:large, max-video-preview:-1\" \/>\n<link rel=\"canonical\" href=\"https:\/\/donemiliaga.eus\/eu\/cookie-en-politika\/\" \/>\n<meta property=\"og:locale\" content=\"en_US\" \/>\n<meta property=\"og:type\" content=\"article\" \/>\n<meta property=\"og:title\" content=\"Cookie-en politika - Donemiliagako Udala\" \/>\n<meta property=\"og:description\" content=\"En conformidad con el Real Decreto-ley 13\/2012, de 30 de marzo, que estipula el nivel de detalle en la informaci\u00f3n que se debe proporcionar sobre las ...\" \/>\n<meta property=\"og:url\" content=\"https:\/\/donemiliaga.eus\/eu\/cookie-en-politika\/\" \/>\n<meta property=\"og:site_name\" content=\"Donemiliagako Udala\" \/>\n<meta property=\"article:modified_time\" content=\"2017-01-25T10:47:29+00:00\" \/>\n<meta name=\"twitter:card\" content=\"summary_large_image\" \/>\n<meta name=\"twitter:label1\" content=\"Est. reading time\" \/>\n\t<meta name=\"twitter:data1\" content=\"2 minutua\" \/>\n<script type=\"application\/ld+json\" class=\"yoast-schema-graph\">{\"@context\":\"https:\\\/\\\/schema.org\",\"@graph\":[{\"@type\":\"WebPage\",\"@id\":\"https:\\\/\\\/donemiliaga.eus\\\/eu\\\/cookie-en-politika\\\/\",\"url\":\"https:\\\/\\\/donemiliaga.eus\\\/eu\\\/cookie-en-politika\\\/\",\"name\":\"Cookie-en politika - Donemiliagako Udala\",\"isPartOf\":{\"@id\":\"https:\\\/\\\/donemiliaga.eus\\\/eu\\\/#website\"},\"datePublished\":\"2016-06-28T18:13:05+00:00\",\"dateModified\":\"2017-01-25T10:47:29+00:00\",\"description\":\"En conformidad con el Real Decreto-ley 13\\\/2012, de 30 de marzo, que estipula el nivel de detalle en la informaci\u00f3n que se debe proporcionar sobre las ...\",\"breadcrumb\":{\"@id\":\"https:\\\/\\\/donemiliaga.eus\\\/eu\\\/cookie-en-politika\\\/#breadcrumb\"},\"inLanguage\":\"eu\",\"potentialAction\":[{\"@type\":\"ReadAction\",\"target\":[\"https:\\\/\\\/donemiliaga.eus\\\/eu\\\/cookie-en-politika\\\/\"]}]},{\"@type\":\"BreadcrumbList\",\"@id\":\"https:\\\/\\\/donemiliaga.eus\\\/eu\\\/cookie-en-politika\\\/#breadcrumb\",\"itemListElement\":[{\"@type\":\"ListItem\",\"position\":1,\"name\":\"Hasiera orria\",\"item\":\"https:\\\/\\\/donemiliaga.eus\\\/eu\\\/\"},{\"@type\":\"ListItem\",\"position\":2,\"name\":\"Cookie-en politika\"}]},{\"@type\":\"WebSite\",\"@id\":\"https:\\\/\\\/donemiliaga.eus\\\/eu\\\/#website\",\"url\":\"https:\\\/\\\/donemiliaga.eus\\\/eu\\\/\",\"name\":\"Donemiliagako Udala\",\"description\":\"Ayuntamiento de San Mill\u00e1n - Donemiliaga\",\"potentialAction\":[{\"@type\":\"SearchAction\",\"target\":{\"@type\":\"EntryPoint\",\"urlTemplate\":\"https:\\\/\\\/donemiliaga.eus\\\/eu\\\/?s={search_term_string}\"},\"query-input\":{\"@type\":\"PropertyValueSpecification\",\"valueRequired\":true,\"valueName\":\"search_term_string\"}}],\"inLanguage\":\"eu\"}]}<\/script>\n<!-- \/ Yoast SEO plugin. -->","yoast_head_json":{"title":"Cookie-en politika - Donemiliagako Udala","description":"En conformidad con el Real Decreto-ley 13\/2012, de 30 de marzo, que estipula el nivel de detalle en la informaci\u00f3n que se debe proporcionar sobre las ...","robots":{"index":"index","follow":"follow","max-snippet":"max-snippet:-1","max-image-preview":"max-image-preview:large","max-video-preview":"max-video-preview:-1"},"canonical":"https:\/\/donemiliaga.eus\/eu\/cookie-en-politika\/","og_locale":"en_US","og_type":"article","og_title":"Cookie-en politika - Donemiliagako Udala","og_description":"En conformidad con el Real Decreto-ley 13\/2012, de 30 de marzo, que estipula el nivel de detalle en la informaci\u00f3n que se debe proporcionar sobre las ...","og_url":"https:\/\/donemiliaga.eus\/eu\/cookie-en-politika\/","og_site_name":"Donemiliagako Udala","article_modified_time":"2017-01-25T10:47:29+00:00","twitter_card":"summary_large_image","twitter_misc":{"Est. reading time":"2 minutua"},"schema":{"@context":"https:\/\/schema.org","@graph":[{"@type":"WebPage","@id":"https:\/\/donemiliaga.eus\/eu\/cookie-en-politika\/","url":"https:\/\/donemiliaga.eus\/eu\/cookie-en-politika\/","name":"Cookie-en politika - Donemiliagako Udala","isPartOf":{"@id":"https:\/\/donemiliaga.eus\/eu\/#website"},"datePublished":"2016-06-28T18:13:05+00:00","dateModified":"2017-01-25T10:47:29+00:00","description":"En conformidad con el Real Decreto-ley 13\/2012, de 30 de marzo, que estipula el nivel de detalle en la informaci\u00f3n que se debe proporcionar sobre las ...","breadcrumb":{"@id":"https:\/\/donemiliaga.eus\/eu\/cookie-en-politika\/#breadcrumb"},"inLanguage":"eu","potentialAction":[{"@type":"ReadAction","target":["https:\/\/donemiliaga.eus\/eu\/cookie-en-politika\/"]}]},{"@type":"BreadcrumbList","@id":"https:\/\/donemiliaga.eus\/eu\/cookie-en-politika\/#breadcrumb","itemListElement":[{"@type":"ListItem","position":1,"name":"Hasiera orria","item":"https:\/\/donemiliaga.eus\/eu\/"},{"@type":"ListItem","position":2,"name":"Cookie-en politika"}]},{"@type":"WebSite","@id":"https:\/\/donemiliaga.eus\/eu\/#website","url":"https:\/\/donemiliaga.eus\/eu\/","name":"Donemiliagako Udala","description":"Ayuntamiento de San Mill\u00e1n - Donemiliaga","potentialAction":[{"@type":"SearchAction","target":{"@type":"EntryPoint","urlTemplate":"https:\/\/donemiliaga.eus\/eu\/?s={search_term_string}"},"query-input":{"@type":"PropertyValueSpecification","valueRequired":true,"valueName":"search_term_string"}}],"inLanguage":"eu"}]}},"_links":{"self":[{"href":"https:\/\/donemiliaga.eus\/eu\/wp-json\/wp\/v2\/pages\/214","targetHints":{"allow":["GET"]}}],"collection":[{"href":"https:\/\/donemiliaga.eus\/eu\/wp-json\/wp\/v2\/pages"}],"about":[{"href":"https:\/\/donemiliaga.eus\/eu\/wp-json\/wp\/v2\/types\/page"}],"author":[{"embeddable":true,"href":"https:\/\/donemiliaga.eus\/eu\/wp-json\/wp\/v2\/users\/2"}],"replies":[{"embeddable":true,"href":"https:\/\/donemiliaga.eus\/eu\/wp-json\/wp\/v2\/comments?post=214"}],"version-history":[{"count":0,"href":"https:\/\/donemiliaga.eus\/eu\/wp-json\/wp\/v2\/pages\/214\/revisions"}],"wp:attachment":[{"href":"https:\/\/donemiliaga.eus\/eu\/wp-json\/wp\/v2\/media?parent=214"}],"curies":[{"name":"wp","href":"https:\/\/api.w.org\/{rel}","templated":true}]}}