{"id":215525,"date":"2018-04-25T15:25:07","date_gmt":"2018-04-25T14:25:07","guid":{"rendered":"http:\/\/donemiliaga.eus\/registro-de-entrada\/"},"modified":"2018-04-25T15:33:04","modified_gmt":"2018-04-25T14:33:04","slug":"registro-de-entrada","status":"publish","type":"page","link":"https:\/\/donemiliaga.eus\/eu\/registro-de-entrada\/","title":{"rendered":"Sarrerako erregistroa"},"content":{"rendered":"<p>[et_pb_section bb_built=&#8221;1&#8243;][et_pb_row][et_pb_column type=&#8221;1_3&#8243;][et_pb_image _builder_version=&#8221;3.1.1&#8243; src=&#8221;https:\/\/donemiliaga.eus\/wp-content\/uploads\/2018\/04\/sarrerako-erregistroa_DONEMILIAGA.jpg&#8221; force_fullwidth=&#8221;on&#8221; \/][\/et_pb_column][et_pb_column type=&#8221;2_3&#8243;][et_pb_text _builder_version=&#8221;3.1.1&#8243;]<\/p>\n<p><strong>Qu\u00e9 es&#8230;<\/strong> Recepci\u00f3n de la documentaci\u00f3n y de las instancias que la ciudadan\u00eda quiera dirigir al Ayuntamiento, y a los \u00f3rganos de la Administraci\u00f3n de la CAPV o a las Entidades de Derecho P\u00fablico vinculadas o dependientes de aquella seg\u00fan convenio suscrito entre ambas administraciones.<br \/>\n <strong>Quien lo puede realizar&#8230;<\/strong> La persona interesada o su representante.<br \/>\n <strong>Donde realizarlo&#8230;<\/strong> Presencialmente:<\/p>\n<p><strong>En las oficinas del \u00a0Ayuntamiento&#8230;<\/strong> Calle Andia, 9, Ordo\u00f1ana en horario de Lunes a Viernes de 9:00 a 14:00.<br \/>\n <strong>En los registros de cualquier \u00f3rgano administrativo de&#8230; <\/strong>la Administraci\u00f3n General del Estado. la Administraci\u00f3n de la Comunidad Aut\u00f3noma. la Administraci\u00f3n de las Diputaciones Provinciales. los Ayuntamientos a los que se aplica el r\u00e9gimen de organizaci\u00f3n de los municipios de gran poblaci\u00f3n.<\/p>\n<p><strong>Por correo postal:<\/strong> En las oficinas de correos mediante correo certificado abierto.<\/p>\n<p><strong>E-mail:<\/strong> <a href=\"mailto:asanmillan.general@ayto.alava.net\">asanmillan.general@ayto.alava.net<\/a><\/p>\n<p><strong>Telem\u00e1ticamente:<\/strong> www.donemiliaga.org<\/p>\n<p><strong>Para m\u00e1s informaci\u00f3n llamar al<\/strong> 945 300472<br \/>\n <strong>M\u00c1S INFORMACI\u00d3N&#8230;<\/strong> Para m\u00e1s informaci\u00f3n consulta nuestro manual.<\/p>\n<p>&nbsp;<\/p>\n<p>[\/et_pb_text][\/et_pb_column][\/et_pb_row][\/et_pb_section]<\/p>\n","protected":false},"excerpt":{"rendered":"<p><div class=\"et_pb_row et_pb_row_0 et_pb_row_empty\">\n\t\t\t\t\n\t\t\t\t\n\t\t\t\t\n\t\t\t\t\n\t\t\t\t\n\t\t\t<\/div>Qu\u00e9 es&#8230; Recepci\u00f3n de la documentaci\u00f3n y de las instancias que la ciudadan\u00eda quiera dirigir al Ayuntamiento, y a los \u00f3rganos de la Administraci\u00f3n de la CAPV o a las Entidades de Derecho P\u00fablico vinculadas o dependientes de aquella seg\u00fan convenio suscrito entre ambas administraciones. Quien lo puede realizar&#8230; La persona interesada o su representante. [&hellip;]<\/p>\n","protected":false},"author":2,"featured_media":0,"parent":0,"menu_order":0,"comment_status":"closed","ping_status":"closed","template":"","meta":{"_et_pb_use_builder":"on","_et_pb_old_content":"","_et_gb_content_width":"","_monsterinsights_skip_tracking":false,"_monsterinsights_sitenote_active":false,"_monsterinsights_sitenote_note":"","_monsterinsights_sitenote_category":0,"footnotes":""},"class_list":["post-215525","page","type-page","status-publish","hentry"],"yoast_head":"<!-- This site is optimized with the Yoast SEO plugin v27.6 - https:\/\/yoast.com\/product\/yoast-seo-wordpress\/ -->\n<title>Sarrerako erregistroa - Donemiliagako Udala<\/title>\n<meta name=\"robots\" content=\"index, follow, max-snippet:-1, max-image-preview:large, max-video-preview:-1\" \/>\n<link rel=\"canonical\" href=\"https:\/\/donemiliaga.eus\/eu\/registro-de-entrada\/\" \/>\n<meta property=\"og:locale\" content=\"en_US\" \/>\n<meta property=\"og:type\" content=\"article\" \/>\n<meta property=\"og:title\" content=\"Sarrerako erregistroa - Donemiliagako Udala\" \/>\n<meta property=\"og:description\" content=\"Qu\u00e9 es... Recepci\u00f3n de la documentaci\u00f3n y de las instancias que la ciudadan\u00eda quiera dirigir al Ayuntamiento, y a los \u00f3rganos de la Administraci\u00f3n de la CAPV o a las Entidades de Derecho P\u00fablico vinculadas o dependientes de aquella seg\u00fan convenio suscrito entre ambas administraciones. Quien lo puede realizar... La persona interesada o su representante. [&hellip;]\" \/>\n<meta property=\"og:url\" content=\"https:\/\/donemiliaga.eus\/eu\/registro-de-entrada\/\" \/>\n<meta property=\"og:site_name\" content=\"Donemiliagako Udala\" \/>\n<meta property=\"article:modified_time\" content=\"2018-04-25T14:33:04+00:00\" \/>\n<meta name=\"twitter:card\" content=\"summary_large_image\" \/>\n<meta name=\"twitter:label1\" content=\"Est. reading time\" \/>\n\t<meta name=\"twitter:data1\" content=\"1 minutua\" \/>\n<script type=\"application\/ld+json\" class=\"yoast-schema-graph\">{\"@context\":\"https:\\\/\\\/schema.org\",\"@graph\":[{\"@type\":\"WebPage\",\"@id\":\"https:\\\/\\\/donemiliaga.eus\\\/eu\\\/registro-de-entrada\\\/\",\"url\":\"https:\\\/\\\/donemiliaga.eus\\\/eu\\\/registro-de-entrada\\\/\",\"name\":\"Sarrerako erregistroa - Donemiliagako Udala\",\"isPartOf\":{\"@id\":\"https:\\\/\\\/donemiliaga.eus\\\/eu\\\/#website\"},\"datePublished\":\"2018-04-25T14:25:07+00:00\",\"dateModified\":\"2018-04-25T14:33:04+00:00\",\"breadcrumb\":{\"@id\":\"https:\\\/\\\/donemiliaga.eus\\\/eu\\\/registro-de-entrada\\\/#breadcrumb\"},\"inLanguage\":\"eu\",\"potentialAction\":[{\"@type\":\"ReadAction\",\"target\":[\"https:\\\/\\\/donemiliaga.eus\\\/eu\\\/registro-de-entrada\\\/\"]}]},{\"@type\":\"BreadcrumbList\",\"@id\":\"https:\\\/\\\/donemiliaga.eus\\\/eu\\\/registro-de-entrada\\\/#breadcrumb\",\"itemListElement\":[{\"@type\":\"ListItem\",\"position\":1,\"name\":\"Hasiera orria\",\"item\":\"https:\\\/\\\/donemiliaga.eus\\\/eu\\\/\"},{\"@type\":\"ListItem\",\"position\":2,\"name\":\"Sarrerako erregistroa\"}]},{\"@type\":\"WebSite\",\"@id\":\"https:\\\/\\\/donemiliaga.eus\\\/eu\\\/#website\",\"url\":\"https:\\\/\\\/donemiliaga.eus\\\/eu\\\/\",\"name\":\"Donemiliagako Udala\",\"description\":\"Ayuntamiento de San Mill\u00e1n - Donemiliaga\",\"potentialAction\":[{\"@type\":\"SearchAction\",\"target\":{\"@type\":\"EntryPoint\",\"urlTemplate\":\"https:\\\/\\\/donemiliaga.eus\\\/eu\\\/?s={search_term_string}\"},\"query-input\":{\"@type\":\"PropertyValueSpecification\",\"valueRequired\":true,\"valueName\":\"search_term_string\"}}],\"inLanguage\":\"eu\"}]}<\/script>\n<!-- \/ Yoast SEO plugin. -->","yoast_head_json":{"title":"Sarrerako erregistroa - Donemiliagako Udala","robots":{"index":"index","follow":"follow","max-snippet":"max-snippet:-1","max-image-preview":"max-image-preview:large","max-video-preview":"max-video-preview:-1"},"canonical":"https:\/\/donemiliaga.eus\/eu\/registro-de-entrada\/","og_locale":"en_US","og_type":"article","og_title":"Sarrerako erregistroa - Donemiliagako Udala","og_description":"Qu\u00e9 es... Recepci\u00f3n de la documentaci\u00f3n y de las instancias que la ciudadan\u00eda quiera dirigir al Ayuntamiento, y a los \u00f3rganos de la Administraci\u00f3n de la CAPV o a las Entidades de Derecho P\u00fablico vinculadas o dependientes de aquella seg\u00fan convenio suscrito entre ambas administraciones. Quien lo puede realizar... La persona interesada o su representante. [&hellip;]","og_url":"https:\/\/donemiliaga.eus\/eu\/registro-de-entrada\/","og_site_name":"Donemiliagako Udala","article_modified_time":"2018-04-25T14:33:04+00:00","twitter_card":"summary_large_image","twitter_misc":{"Est. reading time":"1 minutua"},"schema":{"@context":"https:\/\/schema.org","@graph":[{"@type":"WebPage","@id":"https:\/\/donemiliaga.eus\/eu\/registro-de-entrada\/","url":"https:\/\/donemiliaga.eus\/eu\/registro-de-entrada\/","name":"Sarrerako erregistroa - Donemiliagako Udala","isPartOf":{"@id":"https:\/\/donemiliaga.eus\/eu\/#website"},"datePublished":"2018-04-25T14:25:07+00:00","dateModified":"2018-04-25T14:33:04+00:00","breadcrumb":{"@id":"https:\/\/donemiliaga.eus\/eu\/registro-de-entrada\/#breadcrumb"},"inLanguage":"eu","potentialAction":[{"@type":"ReadAction","target":["https:\/\/donemiliaga.eus\/eu\/registro-de-entrada\/"]}]},{"@type":"BreadcrumbList","@id":"https:\/\/donemiliaga.eus\/eu\/registro-de-entrada\/#breadcrumb","itemListElement":[{"@type":"ListItem","position":1,"name":"Hasiera orria","item":"https:\/\/donemiliaga.eus\/eu\/"},{"@type":"ListItem","position":2,"name":"Sarrerako erregistroa"}]},{"@type":"WebSite","@id":"https:\/\/donemiliaga.eus\/eu\/#website","url":"https:\/\/donemiliaga.eus\/eu\/","name":"Donemiliagako Udala","description":"Ayuntamiento de San Mill\u00e1n - Donemiliaga","potentialAction":[{"@type":"SearchAction","target":{"@type":"EntryPoint","urlTemplate":"https:\/\/donemiliaga.eus\/eu\/?s={search_term_string}"},"query-input":{"@type":"PropertyValueSpecification","valueRequired":true,"valueName":"search_term_string"}}],"inLanguage":"eu"}]}},"_links":{"self":[{"href":"https:\/\/donemiliaga.eus\/eu\/wp-json\/wp\/v2\/pages\/215525","targetHints":{"allow":["GET"]}}],"collection":[{"href":"https:\/\/donemiliaga.eus\/eu\/wp-json\/wp\/v2\/pages"}],"about":[{"href":"https:\/\/donemiliaga.eus\/eu\/wp-json\/wp\/v2\/types\/page"}],"author":[{"embeddable":true,"href":"https:\/\/donemiliaga.eus\/eu\/wp-json\/wp\/v2\/users\/2"}],"replies":[{"embeddable":true,"href":"https:\/\/donemiliaga.eus\/eu\/wp-json\/wp\/v2\/comments?post=215525"}],"version-history":[{"count":0,"href":"https:\/\/donemiliaga.eus\/eu\/wp-json\/wp\/v2\/pages\/215525\/revisions"}],"wp:attachment":[{"href":"https:\/\/donemiliaga.eus\/eu\/wp-json\/wp\/v2\/media?parent=215525"}],"curies":[{"name":"wp","href":"https:\/\/api.w.org\/{rel}","templated":true}]}}