{"id":215550,"date":"2018-04-25T17:03:25","date_gmt":"2018-04-25T16:03:25","guid":{"rendered":"http:\/\/donemiliaga.eus\/recepcion-de-avisos-quejas-y-sugerencias\/"},"modified":"2018-04-25T17:03:25","modified_gmt":"2018-04-25T16:03:25","slug":"recepcion-de-avisos-quejas-y-sugerencias","status":"publish","type":"page","link":"https:\/\/donemiliaga.eus\/eu\/recepcion-de-avisos-quejas-y-sugerencias\/","title":{"rendered":"Recepci\u00f3n de Avisos, Quejas y Sugerencias"},"content":{"rendered":"<p>[et_pb_section bb_built=&#8221;1&#8243;][et_pb_row][et_pb_column type=&#8221;1_3&#8243;][et_pb_image _builder_version=&#8221;3.1.1&#8243; src=&#8221;https:\/\/donemiliaga.eus\/wp-content\/uploads\/2018\/04\/Tramitacion_quejas_DONEMILIAGA.jpg&#8221; force_fullwidth=&#8221;on&#8221; \/][\/et_pb_column][et_pb_column type=&#8221;2_3&#8243;][et_pb_text _builder_version=&#8221;3.1.1&#8243;]<\/p>\n<p><strong>QU\u00c9 ES&#8230;<\/strong><\/p>\n<p>Recepci\u00f3n de avisos de aver\u00edas o incidencias en los servicios p\u00fablicos detectados por la ciudadan\u00eda.<br \/>\nLos avisos relacionados con la red de abastecimiento y saneamiento de agua deben dirigirse al\u00a0 Concejo de la Localidad correspondiente<br \/>\nRecepci\u00f3n de quejas de la ciudadan\u00eda en relaci\u00f3n con el funcionamiento de los servicios municipales.<br \/>\nRecepci\u00f3n de las iniciativas o sugerencias formuladas por la ciudadan\u00eda para mejorar la calidad de los servicios, incrementar el rendimiento o el ahorro del gasto p\u00fablico, simplificar tr\u00e1mites, o cualquier otra medida que suponga un mayor grado de satisfacci\u00f3n de la ciudadan\u00eda con el Ayuntamiento.<br \/>\n<strong>QUIEN LO PUEDE REALIZAR&#8230;<\/strong>Toda persona o su representante.<br \/>\n<strong>DONDE REALIZARLO<\/strong>Presencialmente:&#8230;En las oficinas del \u00a0Ayuntamiento: Calle Andia, 9, Ordo\u00f1ana en horario de Lunes a Viernes de 9:00 a 14:00.<br \/>\n<strong>En los registros de cualquier \u00f3rgano administrativo de:.. <\/strong>la Administraci\u00f3n General del Estado. La Administraci\u00f3n de la Comunidad Aut\u00f3noma. La Administraci\u00f3n de las Diputaciones Provinciales. Los Ayuntamientos a los que se aplica el r\u00e9gimen de organizaci\u00f3n de los municipios de gran poblaci\u00f3n. En las representaciones diplom\u00e1ticas o consulares de Espa\u00f1a en el extranjero.<\/p>\n<p><strong>Por correo postal:<\/strong> &#8230;En las oficinas de correos.<\/p>\n<p><strong>E-mail:&#8230;<\/strong> <a href=\"mailto:asanmillan.general@ayto.araba.eus\">asanmillan.general@ayto.araba.eus<\/a><\/p>\n<p><strong>Tel\u00e9fono:<\/strong> 945 300472<\/p>\n<p><strong>Fax:<\/strong> 945 312081<\/p>\n<p><strong>Telem\u00e1ticamente:<\/strong> www.donemiliaga.eus<\/p>\n<p><strong>M\u00e1s informaci\u00f3n llamar al<\/strong> 945 300472<br \/>\n<strong>M\u00c1S INFORMACI\u00d3N <\/strong>Para m\u00e1s informaci\u00f3n consulta nuestro manual.<\/p>\n<p>[\/et_pb_text][\/et_pb_column][\/et_pb_row][\/et_pb_section]<\/p>\n","protected":false},"excerpt":{"rendered":"<p><div class=\"et_pb_row et_pb_row_0 et_pb_row_empty\">\n\t\t\t\t\n\t\t\t\t\n\t\t\t\t\n\t\t\t\t\n\t\t\t\t\n\t\t\t<\/div> QU\u00c9 ES&#8230; Recepci\u00f3n de avisos de aver\u00edas o incidencias en los servicios p\u00fablicos detectados por la ciudadan\u00eda. Los avisos relacionados con la red de abastecimiento y saneamiento de agua deben dirigirse al\u00a0 Concejo de la Localidad correspondiente Recepci\u00f3n de quejas de la ciudadan\u00eda en relaci\u00f3n con el funcionamiento de los servicios municipales. Recepci\u00f3n de [&hellip;]<\/p>\n","protected":false},"author":2,"featured_media":0,"parent":0,"menu_order":0,"comment_status":"closed","ping_status":"closed","template":"","meta":{"_et_pb_use_builder":"on","_et_pb_old_content":"","_et_gb_content_width":"","_monsterinsights_skip_tracking":false,"_monsterinsights_sitenote_active":false,"_monsterinsights_sitenote_note":"","_monsterinsights_sitenote_category":0,"footnotes":""},"class_list":["post-215550","page","type-page","status-publish","hentry"],"yoast_head":"<!-- This site is optimized with the Yoast SEO plugin v27.6 - https:\/\/yoast.com\/product\/yoast-seo-wordpress\/ -->\n<title>Recepci\u00f3n de Avisos, Quejas y Sugerencias - Donemiliagako Udala<\/title>\n<meta name=\"robots\" content=\"index, follow, max-snippet:-1, max-image-preview:large, max-video-preview:-1\" \/>\n<link rel=\"canonical\" href=\"https:\/\/donemiliaga.eus\/eu\/recepcion-de-avisos-quejas-y-sugerencias\/\" \/>\n<meta property=\"og:locale\" content=\"en_US\" \/>\n<meta property=\"og:type\" content=\"article\" \/>\n<meta property=\"og:title\" content=\"Recepci\u00f3n de Avisos, Quejas y Sugerencias - Donemiliagako Udala\" \/>\n<meta property=\"og:description\" content=\"QU\u00c9 ES... Recepci\u00f3n de avisos de aver\u00edas o incidencias en los servicios p\u00fablicos detectados por la ciudadan\u00eda. Los avisos relacionados con la red de abastecimiento y saneamiento de agua deben dirigirse al\u00a0 Concejo de la Localidad correspondiente Recepci\u00f3n de quejas de la ciudadan\u00eda en relaci\u00f3n con el funcionamiento de los servicios municipales. Recepci\u00f3n de [&hellip;]\" \/>\n<meta property=\"og:url\" content=\"https:\/\/donemiliaga.eus\/eu\/recepcion-de-avisos-quejas-y-sugerencias\/\" \/>\n<meta property=\"og:site_name\" content=\"Donemiliagako Udala\" \/>\n<meta name=\"twitter:card\" content=\"summary_large_image\" \/>\n<meta name=\"twitter:label1\" content=\"Est. reading time\" \/>\n\t<meta name=\"twitter:data1\" content=\"1 minutua\" \/>\n<script type=\"application\/ld+json\" class=\"yoast-schema-graph\">{\"@context\":\"https:\\\/\\\/schema.org\",\"@graph\":[{\"@type\":\"WebPage\",\"@id\":\"https:\\\/\\\/donemiliaga.eus\\\/eu\\\/recepcion-de-avisos-quejas-y-sugerencias\\\/\",\"url\":\"https:\\\/\\\/donemiliaga.eus\\\/eu\\\/recepcion-de-avisos-quejas-y-sugerencias\\\/\",\"name\":\"Recepci\u00f3n de Avisos, Quejas y Sugerencias - Donemiliagako Udala\",\"isPartOf\":{\"@id\":\"https:\\\/\\\/donemiliaga.eus\\\/eu\\\/#website\"},\"datePublished\":\"2018-04-25T16:03:25+00:00\",\"breadcrumb\":{\"@id\":\"https:\\\/\\\/donemiliaga.eus\\\/eu\\\/recepcion-de-avisos-quejas-y-sugerencias\\\/#breadcrumb\"},\"inLanguage\":\"eu\",\"potentialAction\":[{\"@type\":\"ReadAction\",\"target\":[\"https:\\\/\\\/donemiliaga.eus\\\/eu\\\/recepcion-de-avisos-quejas-y-sugerencias\\\/\"]}]},{\"@type\":\"BreadcrumbList\",\"@id\":\"https:\\\/\\\/donemiliaga.eus\\\/eu\\\/recepcion-de-avisos-quejas-y-sugerencias\\\/#breadcrumb\",\"itemListElement\":[{\"@type\":\"ListItem\",\"position\":1,\"name\":\"Hasiera orria\",\"item\":\"https:\\\/\\\/donemiliaga.eus\\\/eu\\\/\"},{\"@type\":\"ListItem\",\"position\":2,\"name\":\"Recepci\u00f3n de Avisos, Quejas y Sugerencias\"}]},{\"@type\":\"WebSite\",\"@id\":\"https:\\\/\\\/donemiliaga.eus\\\/eu\\\/#website\",\"url\":\"https:\\\/\\\/donemiliaga.eus\\\/eu\\\/\",\"name\":\"Donemiliagako Udala\",\"description\":\"Ayuntamiento de San Mill\u00e1n - Donemiliaga\",\"potentialAction\":[{\"@type\":\"SearchAction\",\"target\":{\"@type\":\"EntryPoint\",\"urlTemplate\":\"https:\\\/\\\/donemiliaga.eus\\\/eu\\\/?s={search_term_string}\"},\"query-input\":{\"@type\":\"PropertyValueSpecification\",\"valueRequired\":true,\"valueName\":\"search_term_string\"}}],\"inLanguage\":\"eu\"}]}<\/script>\n<!-- \/ Yoast SEO plugin. -->","yoast_head_json":{"title":"Recepci\u00f3n de Avisos, Quejas y Sugerencias - Donemiliagako Udala","robots":{"index":"index","follow":"follow","max-snippet":"max-snippet:-1","max-image-preview":"max-image-preview:large","max-video-preview":"max-video-preview:-1"},"canonical":"https:\/\/donemiliaga.eus\/eu\/recepcion-de-avisos-quejas-y-sugerencias\/","og_locale":"en_US","og_type":"article","og_title":"Recepci\u00f3n de Avisos, Quejas y Sugerencias - Donemiliagako Udala","og_description":"QU\u00c9 ES... Recepci\u00f3n de avisos de aver\u00edas o incidencias en los servicios p\u00fablicos detectados por la ciudadan\u00eda. Los avisos relacionados con la red de abastecimiento y saneamiento de agua deben dirigirse al\u00a0 Concejo de la Localidad correspondiente Recepci\u00f3n de quejas de la ciudadan\u00eda en relaci\u00f3n con el funcionamiento de los servicios municipales. Recepci\u00f3n de [&hellip;]","og_url":"https:\/\/donemiliaga.eus\/eu\/recepcion-de-avisos-quejas-y-sugerencias\/","og_site_name":"Donemiliagako Udala","twitter_card":"summary_large_image","twitter_misc":{"Est. reading time":"1 minutua"},"schema":{"@context":"https:\/\/schema.org","@graph":[{"@type":"WebPage","@id":"https:\/\/donemiliaga.eus\/eu\/recepcion-de-avisos-quejas-y-sugerencias\/","url":"https:\/\/donemiliaga.eus\/eu\/recepcion-de-avisos-quejas-y-sugerencias\/","name":"Recepci\u00f3n de Avisos, Quejas y Sugerencias - Donemiliagako Udala","isPartOf":{"@id":"https:\/\/donemiliaga.eus\/eu\/#website"},"datePublished":"2018-04-25T16:03:25+00:00","breadcrumb":{"@id":"https:\/\/donemiliaga.eus\/eu\/recepcion-de-avisos-quejas-y-sugerencias\/#breadcrumb"},"inLanguage":"eu","potentialAction":[{"@type":"ReadAction","target":["https:\/\/donemiliaga.eus\/eu\/recepcion-de-avisos-quejas-y-sugerencias\/"]}]},{"@type":"BreadcrumbList","@id":"https:\/\/donemiliaga.eus\/eu\/recepcion-de-avisos-quejas-y-sugerencias\/#breadcrumb","itemListElement":[{"@type":"ListItem","position":1,"name":"Hasiera orria","item":"https:\/\/donemiliaga.eus\/eu\/"},{"@type":"ListItem","position":2,"name":"Recepci\u00f3n de Avisos, Quejas y Sugerencias"}]},{"@type":"WebSite","@id":"https:\/\/donemiliaga.eus\/eu\/#website","url":"https:\/\/donemiliaga.eus\/eu\/","name":"Donemiliagako Udala","description":"Ayuntamiento de San Mill\u00e1n - Donemiliaga","potentialAction":[{"@type":"SearchAction","target":{"@type":"EntryPoint","urlTemplate":"https:\/\/donemiliaga.eus\/eu\/?s={search_term_string}"},"query-input":{"@type":"PropertyValueSpecification","valueRequired":true,"valueName":"search_term_string"}}],"inLanguage":"eu"}]}},"_links":{"self":[{"href":"https:\/\/donemiliaga.eus\/eu\/wp-json\/wp\/v2\/pages\/215550","targetHints":{"allow":["GET"]}}],"collection":[{"href":"https:\/\/donemiliaga.eus\/eu\/wp-json\/wp\/v2\/pages"}],"about":[{"href":"https:\/\/donemiliaga.eus\/eu\/wp-json\/wp\/v2\/types\/page"}],"author":[{"embeddable":true,"href":"https:\/\/donemiliaga.eus\/eu\/wp-json\/wp\/v2\/users\/2"}],"replies":[{"embeddable":true,"href":"https:\/\/donemiliaga.eus\/eu\/wp-json\/wp\/v2\/comments?post=215550"}],"version-history":[{"count":0,"href":"https:\/\/donemiliaga.eus\/eu\/wp-json\/wp\/v2\/pages\/215550\/revisions"}],"wp:attachment":[{"href":"https:\/\/donemiliaga.eus\/eu\/wp-json\/wp\/v2\/media?parent=215550"}],"curies":[{"name":"wp","href":"https:\/\/api.w.org\/{rel}","templated":true}]}}