{"id":218174,"date":"2016-11-23T11:44:44","date_gmt":"2016-11-23T10:44:44","guid":{"rendered":"https:\/\/donemiliaga.eus\/zerbitzuak\/ingurumena\/plan-de-biodiversidad\/"},"modified":"2020-03-16T12:19:57","modified_gmt":"2020-03-16T11:19:57","slug":"plan-de-biodiversidad","status":"publish","type":"page","link":"https:\/\/donemiliaga.eus\/eu\/zerbitzuak\/ingurumena\/plan-de-biodiversidad\/","title":{"rendered":"Bioaniztasun Plana"},"content":{"rendered":"<p>[et_pb_section fb_built=&#8221;1&#8243; fullwidth=&#8221;on&#8221; _builder_version=&#8221;4.4.1&#8243;][et_pb_fullwidth_image _builder_version=&#8221;4.4.1&#8243; background_image=&#8221;https:\/\/donemiliaga.eus\/wp-content\/uploads\/2020\/03\/Rana_A\u0301gil_Donemiliaga-1.jpg&#8221; parallax=&#8221;on&#8221; min_height=&#8221;270px&#8221; custom_margin=&#8221;||27px|||&#8221;][\/et_pb_fullwidth_image][\/et_pb_section][et_pb_section fb_built=&#8221;1&#8243; admin_label=&#8221;section&#8221; _builder_version=&#8221;3.22&#8243; custom_padding=&#8221;||4px|||&#8221;][et_pb_row admin_label=&#8221;row&#8221; _builder_version=&#8221;3.25&#8243; background_size=&#8221;initial&#8221; background_position=&#8221;top_left&#8221; background_repeat=&#8221;repeat&#8221;][et_pb_column type=&#8221;4_4&#8243; _builder_version=&#8221;3.0.47&#8243; custom_padding=&#8221;|||&#8221; custom_padding__hover=&#8221;|||&#8221;][et_pb_text _builder_version=&#8221;4.4.1&#8243; z_index_tablet=&#8221;500&#8243; text_text_shadow_horizontal_length_tablet=&#8221;0px&#8221; text_text_shadow_vertical_length_tablet=&#8221;0px&#8221; text_text_shadow_blur_strength_tablet=&#8221;1px&#8221; link_text_shadow_horizontal_length_tablet=&#8221;0px&#8221; link_text_shadow_vertical_length_tablet=&#8221;0px&#8221; link_text_shadow_blur_strength_tablet=&#8221;1px&#8221; ul_text_shadow_horizontal_length_tablet=&#8221;0px&#8221; ul_text_shadow_vertical_length_tablet=&#8221;0px&#8221; ul_text_shadow_blur_strength_tablet=&#8221;1px&#8221; ol_text_shadow_horizontal_length_tablet=&#8221;0px&#8221; ol_text_shadow_vertical_length_tablet=&#8221;0px&#8221; ol_text_shadow_blur_strength_tablet=&#8221;1px&#8221; quote_text_shadow_horizontal_length_tablet=&#8221;0px&#8221; quote_text_shadow_vertical_length_tablet=&#8221;0px&#8221; quote_text_shadow_blur_strength_tablet=&#8221;1px&#8221; header_text_shadow_horizontal_length_tablet=&#8221;0px&#8221; header_text_shadow_vertical_length_tablet=&#8221;0px&#8221; header_text_shadow_blur_strength_tablet=&#8221;1px&#8221; header_2_text_shadow_horizontal_length_tablet=&#8221;0px&#8221; header_2_text_shadow_vertical_length_tablet=&#8221;0px&#8221; header_2_text_shadow_blur_strength_tablet=&#8221;1px&#8221; header_3_text_shadow_horizontal_length_tablet=&#8221;0px&#8221; header_3_text_shadow_vertical_length_tablet=&#8221;0px&#8221; header_3_text_shadow_blur_strength_tablet=&#8221;1px&#8221; header_4_text_shadow_horizontal_length_tablet=&#8221;0px&#8221; header_4_text_shadow_vertical_length_tablet=&#8221;0px&#8221; header_4_text_shadow_blur_strength_tablet=&#8221;1px&#8221; header_5_text_shadow_horizontal_length_tablet=&#8221;0px&#8221; header_5_text_shadow_vertical_length_tablet=&#8221;0px&#8221; header_5_text_shadow_blur_strength_tablet=&#8221;1px&#8221; header_6_text_shadow_horizontal_length_tablet=&#8221;0px&#8221; header_6_text_shadow_vertical_length_tablet=&#8221;0px&#8221; header_6_text_shadow_blur_strength_tablet=&#8221;1px&#8221; box_shadow_horizontal_tablet=&#8221;0px&#8221; box_shadow_vertical_tablet=&#8221;0px&#8221; box_shadow_blur_tablet=&#8221;40px&#8221; box_shadow_spread_tablet=&#8221;0px&#8221;]<\/p>\n<h2 style=\"text-align: center;\"><span style=\"text-decoration: underline;\"><strong>2012 ko Bioaniztasun Plana<\/strong><\/span><\/h2>\n<p>&nbsp;<\/p>\n<p>En 2012 el Ayuntamiento de San Mill\u00e1n realiz\u00f3 un Plan de biodiversidad en el que se establec\u00edan acciones a realizar que promuevan el desarrollo sostenible &#8220;Hacia el fortalecimiento de la biodiviersidad&#8221; del municipio.<\/p>\n<h3 style=\"text-align: center;\"><span style=\"text-decoration: underline;\"><strong>PROYECTO &#8220;LAGUNILLA DE BIKU\u00d1A&#8221;<\/strong><\/span><\/h3>\n<p>En 2019 se ha actuado sobre la lagunilla de Biku\u00f1a, para proteger a las poblaciones de anfibios.<\/p>\n<p>Esta actuaci\u00f3n ha sido financia por la Viceconsejer\u00eda de Medio Ambiente del <strong><em>Departamento de Medio Ambiente, Planificaci\u00f3n Territorial y Vivienda del Gobierno Vasco<\/em><\/strong>, dentro de la convocatoria &#8220;Orden de 9 de mayo de 2019, de la Consejera de Medio Ambiente y Pol\u00edtica Territorial por la que se regula la concesi\u00f3n de Subvenciones a Ayuntamientos, Mancomunidades, otras Entidades Locales, Organismos Aut\u00f3nomos Locales, Agencias de Desarrollo Local y Sociedades Mercantiles Locales que realicen acciones que promueven el desarrollo sostenible&#8221;.<\/p>\n<p>&nbsp;<\/p>\n<h4>\u00a0 \u00a0\u00a0 <span style=\"text-decoration: underline;\"><em><strong>LA<\/strong><\/em><em><strong> RANA AGIL<\/strong><\/em><\/span><\/h4>\n<div class='w3eden'><!-- WPDM Link Template: Call to Action 3 -->\n\n<div class=\"well c2a3\">\n    <div class=\"media\">\n        <div class=\"mr-3\" align=\"left\">\n            <img decoding=\"async\" class=\"wpdm_icon\" alt=\"Icon\" src=\"https:\/\/donemiliaga.eus\/wp-content\/plugins\/download-manager\/assets\/file-type-icons\/pdf.svg\" \/ fetchpriority=\"high\">\n        <\/div>\n        <div class=\"media-body\">\n            <h3 class=\"media-heading\" style=\"padding-top: 0px;border:0px;margin: 0 0 5px 0;font-size:12pt;\">\n                <a style=\"font-weight: 700\" href=\"https:\/\/donemiliaga.eus\/download\/la-rana-agil-2\/\">La Rana \u00c1gil<\/a>\n                <span style=\"font-size:8pt;font-weight:300\" class=\"text-muted ml-4\">\n                    <i class=\"fas fa-hdd mr-1\"><\/i> 1.37 MB\n                    <i class=\"ml-3 far fa-arrow-alt-circle-down mr-1\"><\/i> 50 downloads\n                <\/span>\n            <\/h3>\n            PROTECCI\u00d3N H\u00c1BITAT RANA \u00c1GIL EN LAGUNILLA DE\u00a0 VICU\u00d1A Y CHARCA DE BARR\u00cdA\nDar...\n        <\/div>\n        <div class=\"ml-3\" align=\"right\">\n            <a class='wpdm-download-link download-on-click btn btn-primary ' rel='nofollow' href='#' data-downloadurl=\"https:\/\/donemiliaga.eus\/download\/la-rana-agil-2\/?wpdmdl=218139&refresh=69e13466db96d1776366694\">Jaitsi<\/a>\n        <\/div>\n    <\/div>\n\n<\/div>\n<style>\n    .well.c2a3 .btn {\n        padding: 11px 30px;\n        font-size: 11pt;\n    }\n\n    .well.c2a3 .media-body {\n        font-size: 11pt;\n    }\n\n    .well.c2a3 .wpdm_icon {\n        height: 42px;\n        width: auto;\n    }<\/style>\n<\/div>\n<p>&nbsp;<\/p>\n<p>[\/et_pb_text][\/et_pb_column][\/et_pb_row][\/et_pb_section][et_pb_section fb_built=&#8221;1&#8243; _builder_version=&#8221;4.4.1&#8243; min_height=&#8221;313px&#8221; custom_padding=&#8221;||0px|||&#8221;][et_pb_row column_structure=&#8221;1_4,1_4,1_4,1_4&#8243; _builder_version=&#8221;4.4.1&#8243;][et_pb_column type=&#8221;1_4&#8243; _builder_version=&#8221;4.4.1&#8243;][et_pb_image src=&#8221;https:\/\/donemiliaga.eus\/wp-content\/uploads\/2020\/03\/logo_feder_es_color1.jpg&#8221; _builder_version=&#8221;4.4.1&#8243;][\/et_pb_image][\/et_pb_column][et_pb_column type=&#8221;1_4&#8243; _builder_version=&#8221;4.4.1&#8243;][et_pb_image src=&#8221;https:\/\/donemiliaga.eus\/wp-content\/uploads\/2020\/03\/logo-ihobe-footer.jpg&#8221; _builder_version=&#8221;4.4.1&#8243;][\/et_pb_image][\/et_pb_column][et_pb_column type=&#8221;1_4&#8243; _builder_version=&#8221;4.4.1&#8243;][et_pb_image src=&#8221;https:\/\/donemiliaga.eus\/wp-content\/uploads\/2020\/03\/ej-ingurumena-lateral-color.png&#8221; _builder_version=&#8221;4.4.1&#8243;][\/et_pb_image][\/et_pb_column][et_pb_column type=&#8221;1_4&#8243; _builder_version=&#8221;4.4.1&#8243;][et_pb_image src=&#8221;https:\/\/donemiliaga.eus\/wp-content\/uploads\/2017\/01\/DONEMILIAGA_ICONO_512-x-512.png&#8221; _builder_version=&#8221;4.4.1&#8243; width=&#8221;56%&#8221; module_alignment=&#8221;center&#8221;][\/et_pb_image][\/et_pb_column][\/et_pb_row][\/et_pb_section][et_pb_section fb_built=&#8221;1&#8243; specialty=&#8221;on&#8221; _builder_version=&#8221;4.4.1&#8243; custom_padding=&#8221;7px|||||&#8221;][et_pb_column type=&#8221;1_3&#8243; _builder_version=&#8221;3.25&#8243; custom_padding=&#8221;|||&#8221; custom_padding__hover=&#8221;|||&#8221;][et_pb_image src=&#8221;https:\/\/donemiliaga.eus\/wp-content\/uploads\/2020\/03\/Rana_A\u0301gil_donemiliaga_2.jpg&#8221; _builder_version=&#8221;4.4.1&#8243;][\/et_pb_image][\/et_pb_column][et_pb_column type=&#8221;2_3&#8243; specialty_columns=&#8221;2&#8243; _builder_version=&#8221;3.25&#8243; custom_padding=&#8221;|||&#8221; custom_padding__hover=&#8221;|||&#8221;][et_pb_row_inner column_structure=&#8221;1_2,1_2&#8243; _builder_version=&#8221;4.4.1&#8243;][et_pb_column_inner type=&#8221;1_2&#8243; saved_specialty_column_type=&#8221;2_3&#8243; _builder_version=&#8221;4.4.1&#8243;][et_pb_text _builder_version=&#8221;4.4.1&#8243;]<\/p>\n<p>Donemiliagako Udala hedaduran sakabanatuta dagoen eta, aldi berean, biodibertsitatean aberatsa den udalerria da. 2012an biodibertsitate plan bat egin zen, eta bertan, udalerriko biodibertsitatea mantentzeko, kontserbatzeko eta hobetzeko garatu beharreko ekintzak ezarri ziren. Funtsezko proiektuetako bat Quercus izan zen, Ordo\u00f1anako uharte basoa zabaltzen duen lursaila lehengoratzea, habitataren ertz-efektua edo zatikatzea murriztuz.<\/p>\n<p>[\/et_pb_text][\/et_pb_column_inner][et_pb_column_inner type=&#8221;1_2&#8243; saved_specialty_column_type=&#8221;2_3&#8243; _builder_version=&#8221;4.4.1&#8243;][et_pb_text _builder_version=&#8221;4.4.1&#8243;]<\/p>\n<p>2019an, Biku\u00f1ako aintziraren gainean jardun da, anfibioen populazioak babesteko; zehazki, ganadua urmaelera igarotzea itxi da. Pasabidea anfibioen eta putzuaren beharren arabera ireki edo ixteko aukera ematen du hesiak. Eusko Jaurlaritzak bere kapital naturalaren eta biodibertsitatearen ildotik finantzatu du jarduera. Helburu nagusia ur-masak eta bertan bizi den ekosistema indartzea da, eta, horretarako, baso-igel jauzkaria eta beste anfibio\u00adespezie batzuk berreskuratu nahi ditugu.\u00a0<\/p>\n<p>[\/et_pb_text][\/et_pb_column_inner][\/et_pb_row_inner][\/et_pb_column][\/et_pb_section]<\/p>\n","protected":false},"excerpt":{"rendered":"<p>2012 ko Bioaniztasun Plana &nbsp; En 2012 el Ayuntamiento de San Mill\u00e1n realiz\u00f3 un Plan de biodiversidad en el que se establec\u00edan acciones a realizar que promuevan el desarrollo sostenible &#8220;Hacia el fortalecimiento de la biodiviersidad&#8221; del municipio. PROYECTO &#8220;LAGUNILLA DE BIKU\u00d1A&#8221; En 2019 se ha actuado sobre la lagunilla de Biku\u00f1a, para proteger a [&hellip;]<\/p>\n","protected":false},"author":2,"featured_media":0,"parent":25096,"menu_order":0,"comment_status":"closed","ping_status":"closed","template":"","meta":{"_et_pb_use_builder":"on","_et_pb_old_content":"","_et_gb_content_width":"","_monsterinsights_skip_tracking":false,"_monsterinsights_sitenote_active":false,"_monsterinsights_sitenote_note":"","_monsterinsights_sitenote_category":0,"footnotes":""},"class_list":["post-218174","page","type-page","status-publish","hentry"],"yoast_head":"<!-- This site is optimized with the Yoast SEO plugin v27.4 - https:\/\/yoast.com\/product\/yoast-seo-wordpress\/ -->\n<title>Bioaniztasun Plana - Donemiliagako Udala<\/title>\n<meta name=\"robots\" content=\"index, follow, max-snippet:-1, max-image-preview:large, max-video-preview:-1\" \/>\n<link rel=\"canonical\" href=\"https:\/\/donemiliaga.eus\/eu\/zerbitzuak\/ingurumena\/plan-de-biodiversidad\/\" \/>\n<meta property=\"og:locale\" content=\"en_US\" \/>\n<meta property=\"og:type\" content=\"article\" \/>\n<meta property=\"og:title\" content=\"Bioaniztasun Plana - Donemiliagako Udala\" \/>\n<meta property=\"og:description\" content=\"2012 ko Bioaniztasun Plana &nbsp; En 2012 el Ayuntamiento de San Mill\u00e1n realiz\u00f3 un Plan de biodiversidad en el que se establec\u00edan acciones a realizar que promuevan el desarrollo sostenible &quot;Hacia el fortalecimiento de la biodiviersidad&quot; del municipio. PROYECTO &quot;LAGUNILLA DE BIKU\u00d1A&quot; En 2019 se ha actuado sobre la lagunilla de Biku\u00f1a, para proteger a [&hellip;]\" \/>\n<meta property=\"og:url\" content=\"https:\/\/donemiliaga.eus\/eu\/zerbitzuak\/ingurumena\/plan-de-biodiversidad\/\" \/>\n<meta property=\"og:site_name\" content=\"Donemiliagako Udala\" \/>\n<meta property=\"article:modified_time\" content=\"2020-03-16T11:19:57+00:00\" \/>\n<meta name=\"twitter:card\" content=\"summary_large_image\" \/>\n<meta name=\"twitter:label1\" content=\"Est. reading time\" \/>\n\t<meta name=\"twitter:data1\" content=\"4 minutua\" \/>\n<script type=\"application\/ld+json\" class=\"yoast-schema-graph\">{\"@context\":\"https:\\\/\\\/schema.org\",\"@graph\":[{\"@type\":\"WebPage\",\"@id\":\"https:\\\/\\\/donemiliaga.eus\\\/eu\\\/zerbitzuak\\\/ingurumena\\\/plan-de-biodiversidad\\\/\",\"url\":\"https:\\\/\\\/donemiliaga.eus\\\/eu\\\/zerbitzuak\\\/ingurumena\\\/plan-de-biodiversidad\\\/\",\"name\":\"Bioaniztasun Plana - Donemiliagako Udala\",\"isPartOf\":{\"@id\":\"https:\\\/\\\/donemiliaga.eus\\\/eu\\\/#website\"},\"datePublished\":\"2016-11-23T10:44:44+00:00\",\"dateModified\":\"2020-03-16T11:19:57+00:00\",\"breadcrumb\":{\"@id\":\"https:\\\/\\\/donemiliaga.eus\\\/eu\\\/zerbitzuak\\\/ingurumena\\\/plan-de-biodiversidad\\\/#breadcrumb\"},\"inLanguage\":\"eu\",\"potentialAction\":[{\"@type\":\"ReadAction\",\"target\":[\"https:\\\/\\\/donemiliaga.eus\\\/eu\\\/zerbitzuak\\\/ingurumena\\\/plan-de-biodiversidad\\\/\"]}]},{\"@type\":\"BreadcrumbList\",\"@id\":\"https:\\\/\\\/donemiliaga.eus\\\/eu\\\/zerbitzuak\\\/ingurumena\\\/plan-de-biodiversidad\\\/#breadcrumb\",\"itemListElement\":[{\"@type\":\"ListItem\",\"position\":1,\"name\":\"Hasiera orria\",\"item\":\"https:\\\/\\\/donemiliaga.eus\\\/eu\\\/\"},{\"@type\":\"ListItem\",\"position\":2,\"name\":\"Zerbitzuak\",\"item\":\"https:\\\/\\\/donemiliaga.eus\\\/eu\\\/zerbitzuak\\\/\"},{\"@type\":\"ListItem\",\"position\":3,\"name\":\"Ingurumena\",\"item\":\"https:\\\/\\\/donemiliaga.eus\\\/eu\\\/zerbitzuak\\\/ingurumena\\\/\"},{\"@type\":\"ListItem\",\"position\":4,\"name\":\"Bioaniztasun Plana\"}]},{\"@type\":\"WebSite\",\"@id\":\"https:\\\/\\\/donemiliaga.eus\\\/eu\\\/#website\",\"url\":\"https:\\\/\\\/donemiliaga.eus\\\/eu\\\/\",\"name\":\"Donemiliagako Udala\",\"description\":\"Ayuntamiento de San Mill\u00e1n - Donemiliaga\",\"potentialAction\":[{\"@type\":\"SearchAction\",\"target\":{\"@type\":\"EntryPoint\",\"urlTemplate\":\"https:\\\/\\\/donemiliaga.eus\\\/eu\\\/?s={search_term_string}\"},\"query-input\":{\"@type\":\"PropertyValueSpecification\",\"valueRequired\":true,\"valueName\":\"search_term_string\"}}],\"inLanguage\":\"eu\"}]}<\/script>\n<!-- \/ Yoast SEO plugin. -->","yoast_head_json":{"title":"Bioaniztasun Plana - Donemiliagako Udala","robots":{"index":"index","follow":"follow","max-snippet":"max-snippet:-1","max-image-preview":"max-image-preview:large","max-video-preview":"max-video-preview:-1"},"canonical":"https:\/\/donemiliaga.eus\/eu\/zerbitzuak\/ingurumena\/plan-de-biodiversidad\/","og_locale":"en_US","og_type":"article","og_title":"Bioaniztasun Plana - Donemiliagako Udala","og_description":"2012 ko Bioaniztasun Plana &nbsp; En 2012 el Ayuntamiento de San Mill\u00e1n realiz\u00f3 un Plan de biodiversidad en el que se establec\u00edan acciones a realizar que promuevan el desarrollo sostenible \"Hacia el fortalecimiento de la biodiviersidad\" del municipio. PROYECTO \"LAGUNILLA DE BIKU\u00d1A\" En 2019 se ha actuado sobre la lagunilla de Biku\u00f1a, para proteger a [&hellip;]","og_url":"https:\/\/donemiliaga.eus\/eu\/zerbitzuak\/ingurumena\/plan-de-biodiversidad\/","og_site_name":"Donemiliagako Udala","article_modified_time":"2020-03-16T11:19:57+00:00","twitter_card":"summary_large_image","twitter_misc":{"Est. reading time":"4 minutua"},"schema":{"@context":"https:\/\/schema.org","@graph":[{"@type":"WebPage","@id":"https:\/\/donemiliaga.eus\/eu\/zerbitzuak\/ingurumena\/plan-de-biodiversidad\/","url":"https:\/\/donemiliaga.eus\/eu\/zerbitzuak\/ingurumena\/plan-de-biodiversidad\/","name":"Bioaniztasun Plana - Donemiliagako Udala","isPartOf":{"@id":"https:\/\/donemiliaga.eus\/eu\/#website"},"datePublished":"2016-11-23T10:44:44+00:00","dateModified":"2020-03-16T11:19:57+00:00","breadcrumb":{"@id":"https:\/\/donemiliaga.eus\/eu\/zerbitzuak\/ingurumena\/plan-de-biodiversidad\/#breadcrumb"},"inLanguage":"eu","potentialAction":[{"@type":"ReadAction","target":["https:\/\/donemiliaga.eus\/eu\/zerbitzuak\/ingurumena\/plan-de-biodiversidad\/"]}]},{"@type":"BreadcrumbList","@id":"https:\/\/donemiliaga.eus\/eu\/zerbitzuak\/ingurumena\/plan-de-biodiversidad\/#breadcrumb","itemListElement":[{"@type":"ListItem","position":1,"name":"Hasiera orria","item":"https:\/\/donemiliaga.eus\/eu\/"},{"@type":"ListItem","position":2,"name":"Zerbitzuak","item":"https:\/\/donemiliaga.eus\/eu\/zerbitzuak\/"},{"@type":"ListItem","position":3,"name":"Ingurumena","item":"https:\/\/donemiliaga.eus\/eu\/zerbitzuak\/ingurumena\/"},{"@type":"ListItem","position":4,"name":"Bioaniztasun Plana"}]},{"@type":"WebSite","@id":"https:\/\/donemiliaga.eus\/eu\/#website","url":"https:\/\/donemiliaga.eus\/eu\/","name":"Donemiliagako Udala","description":"Ayuntamiento de San Mill\u00e1n - Donemiliaga","potentialAction":[{"@type":"SearchAction","target":{"@type":"EntryPoint","urlTemplate":"https:\/\/donemiliaga.eus\/eu\/?s={search_term_string}"},"query-input":{"@type":"PropertyValueSpecification","valueRequired":true,"valueName":"search_term_string"}}],"inLanguage":"eu"}]}},"_links":{"self":[{"href":"https:\/\/donemiliaga.eus\/eu\/wp-json\/wp\/v2\/pages\/218174","targetHints":{"allow":["GET"]}}],"collection":[{"href":"https:\/\/donemiliaga.eus\/eu\/wp-json\/wp\/v2\/pages"}],"about":[{"href":"https:\/\/donemiliaga.eus\/eu\/wp-json\/wp\/v2\/types\/page"}],"author":[{"embeddable":true,"href":"https:\/\/donemiliaga.eus\/eu\/wp-json\/wp\/v2\/users\/2"}],"replies":[{"embeddable":true,"href":"https:\/\/donemiliaga.eus\/eu\/wp-json\/wp\/v2\/comments?post=218174"}],"version-history":[{"count":4,"href":"https:\/\/donemiliaga.eus\/eu\/wp-json\/wp\/v2\/pages\/218174\/revisions"}],"predecessor-version":[{"id":218179,"href":"https:\/\/donemiliaga.eus\/eu\/wp-json\/wp\/v2\/pages\/218174\/revisions\/218179"}],"up":[{"embeddable":true,"href":"https:\/\/donemiliaga.eus\/eu\/wp-json\/wp\/v2\/pages\/25096"}],"wp:attachment":[{"href":"https:\/\/donemiliaga.eus\/eu\/wp-json\/wp\/v2\/media?parent=218174"}],"curies":[{"name":"wp","href":"https:\/\/api.w.org\/{rel}","templated":true}]}}